{"id":113,"date":"2015-10-22T14:34:37","date_gmt":"2015-10-22T12:34:37","guid":{"rendered":"http:\/\/test.kriesi.at\/construction\/?page_id=113"},"modified":"2020-09-06T00:03:49","modified_gmt":"2020-09-05T22:03:49","slug":"wynajem-zarzadzanie-flota","status":"publish","type":"page","link":"http:\/\/tandemcommodities.com\/?page_id=113","title":{"rendered":"Wynajem i zarz\u0105dzanie flot\u0105"},"content":{"rendered":"\n<p><\/p>\n\n\n<div   data-size='featured_large'  data-lightbox_size='large'  data-animation='fade'  data-conditional_play=''  data-ids='280'  data-video_counter='0'  data-autoplay='true'  data-bg_slider='false'  data-slide_height=''  data-handle='av_slideshow'  data-interval='5'  data-class=' avia-builder-el-0  el_before_av_one_half  avia-builder-el-first  '  data-el_id=''  data-css_id=''  data-scroll_down=''  data-control_layout='av-control-hidden'  data-custom_markup=''  data-perma_caption=''  data-autoplay_stopper=''  data-image_attachment=''  data-min_height='0px'  data-lazy_loading='disabled'  data-default-height='42'  class='avia-slideshow avia-slideshow-1  av-control-hidden av-default-height-applied avia-slideshow-featured_large av_slideshow  avia-builder-el-0  el_before_av_one_half  avia-builder-el-first   avia-fade-slider '  itemprop=\"image\" itemscope=\"itemscope\" itemtype=\"https:\/\/schema.org\/ImageObject\" ><ul class='avia-slideshow-inner ' style='padding-bottom: 42%;' ><li  class=' av-single-slide slide-1 ' ><div data-rel='slideshow-1' class='avia-slide-wrap '   ><img fetchpriority=\"high\" fetchpriority=\"high\" decoding=\"async\" class=\"wp-image-280 avia-img-lazy-loading-not-280\"  src=\"http:\/\/tandemcommodities.com\/wp-content\/uploads\/2020\/09\/Flota-1500x630.png\" width=\"1500\" height=\"630\" title='Flota' alt=''  itemprop=\"thumbnailUrl\" srcset=\"http:\/\/tandemcommodities.com\/wp-content\/uploads\/2020\/09\/Flota.png 1500w, http:\/\/tandemcommodities.com\/wp-content\/uploads\/2020\/09\/Flota-300x126.png 300w, http:\/\/tandemcommodities.com\/wp-content\/uploads\/2020\/09\/Flota-1030x433.png 1030w, http:\/\/tandemcommodities.com\/wp-content\/uploads\/2020\/09\/Flota-768x323.png 768w, http:\/\/tandemcommodities.com\/wp-content\/uploads\/2020\/09\/Flota-705x296.png 705w, http:\/\/tandemcommodities.com\/wp-content\/uploads\/2020\/09\/Flota-450x189.png 450w\" sizes=\"(max-width: 1500px) 100vw, 1500px\" \/><\/div><\/li><\/ul><\/div>\n<div class=\"flex_column av_one_half  av-animated-generic bottom-to-top  flex_column_div av-zero-column-padding first  avia-builder-el-1  el_after_av_slideshow  el_before_av_one_half  \" style='border-radius:0px; '><p><div  style='padding-bottom:0px; ' class='av-special-heading av-special-heading-h2  blockquote modern-quote  avia-builder-el-2  el_before_av_hr  avia-builder-el-first  '><h2 class='av-special-heading-tag '  itemprop=\"headline\"  >Wynajem pojazd\u00f3w Uber, Bolt, FreeNow<\/h2><div class='special-heading-border'><div class='special-heading-inner-border' ><\/div><\/div><\/div><br \/>\n<div  style=' margin-top:10px; margin-bottom:10px;'  class='hr hr-custom hr-left hr-icon-no   avia-builder-el-3  el_after_av_heading  el_before_av_textblock '><span class='hr-inner  inner-border-av-border-fat' style=' width:50px; border-color:#efbb20;' ><span class='hr-inner-style'><\/span><\/span><\/div><br \/>\n<section class=\"av_textblock_section \"  itemscope=\"itemscope\" itemtype=\"https:\/\/schema.org\/CreativeWork\" ><div class='avia_textblock  '   itemprop=\"text\" ><p><b>Potrzebujesz auta na miesi\u0105ce?<\/b><br \/>\nSkorzystaj z naszej elastycznej us\u0142ugi wynajmu i miej wszystkie koszty pod kontrol\u0105.<br \/>\nW ten spos\u00f3b zyskasz nie tylko ekonomiczny \u015brodek transportu, ale tak\u017ce mo\u017cliwo\u015b\u0107 zmiany warunk\u00f3w wsp\u00f3\u0142pracy w trakcie trwania umowy.<\/p>\n<\/div><\/section><\/p><\/div><div class=\"flex_column av_one_half  av-animated-generic bottom-to-top  flex_column_div av-zero-column-padding   avia-builder-el-5  el_after_av_one_half  el_before_av_hr  \" style='border-radius:0px; '><div  class='avia-image-container  av-styling-no-styling    avia-builder-el-6  avia-builder-el-no-sibling  avia-align-center '  itemprop=\"image\" itemscope=\"itemscope\" itemtype=\"https:\/\/schema.org\/ImageObject\"  ><div class='avia-image-container-inner'><div class='avia-image-overlay-wrap'><img decoding=\"async\" class='wp-image-305 avia-img-lazy-loading-not-305 avia_image' src=\"http:\/\/tandemcommodities.com\/wp-content\/uploads\/2020\/09\/taksowka-300x200.jpg\" alt='' title='taksowka' height=\"200\" width=\"300\"  itemprop=\"thumbnailUrl\" srcset=\"http:\/\/tandemcommodities.com\/wp-content\/uploads\/2020\/09\/taksowka-300x200.jpg 300w, http:\/\/tandemcommodities.com\/wp-content\/uploads\/2020\/09\/taksowka-1030x688.jpg 1030w, http:\/\/tandemcommodities.com\/wp-content\/uploads\/2020\/09\/taksowka-768x513.jpg 768w, http:\/\/tandemcommodities.com\/wp-content\/uploads\/2020\/09\/taksowka-705x471.jpg 705w, http:\/\/tandemcommodities.com\/wp-content\/uploads\/2020\/09\/taksowka-450x300.jpg 450w, http:\/\/tandemcommodities.com\/wp-content\/uploads\/2020\/09\/taksowka.jpg 1200w\" sizes=\"(max-width: 300px) 100vw, 300px\" \/><\/div><\/div><\/div><\/div><\/p>\n<div   class='hr hr-default   avia-builder-el-7  el_after_av_one_half  el_before_av_one_full '><span class='hr-inner ' ><span class='hr-inner-style'><\/span><\/span><\/div>\n<div class=\"flex_column av_one_full  av-animated-generic bottom-to-top  flex_column_div av-zero-column-padding first  avia-builder-el-8  el_after_av_hr  el_before_av_one_half  \" style='margin-top:0px; margin-bottom:0px; border-radius:0px; '><p><div  style='padding-bottom:0px; ' class='av-special-heading av-special-heading-h2  blockquote modern-quote  avia-builder-el-9  el_before_av_hr  avia-builder-el-first  '><h2 class='av-special-heading-tag '  itemprop=\"headline\"  >Zarz\u0105dzanie flot\u0105<\/h2><div class='special-heading-border'><div class='special-heading-inner-border' ><\/div><\/div><\/div><br \/>\n<div  style=' margin-top:10px; margin-bottom:10px;'  class='hr hr-custom hr-left hr-icon-no   avia-builder-el-10  el_after_av_heading  avia-builder-el-last '><span class='hr-inner  inner-border-av-border-fat' style=' width:50px; border-color:#efbb20;' ><span class='hr-inner-style'><\/span><\/span><\/div><\/p><\/div>\n<div class=\"flex_column av_one_half  av-animated-generic bottom-to-top  flex_column_div av-zero-column-padding first  avia-builder-el-11  el_after_av_one_full  el_before_av_one_half  column-top-margin\" style='margin-top:0px; margin-bottom:0px; border-radius:0px; '><section class=\"av_textblock_section \"  itemscope=\"itemscope\" itemtype=\"https:\/\/schema.org\/CreativeWork\" ><div class='avia_textblock  '   itemprop=\"text\" ><p><strong>Assistance<\/strong><br \/>\nNasz zesp\u00f3\u0142 specjalist\u00f3w czuwa 24h na dob\u0119. Udzieli Ci pomocy w przypadku awarii, kradzie\u017cy, szkody komunikacyjnej lub codziennych sytuacji na drodze.<\/p>\n<p><strong>Samoch\u00f3d zast\u0119pczy<\/strong><br \/>\nAwaria lub uszkodzenie nie zatrzymaj\u0105 Ci\u0119 na drodze. Podstawimy Ci auto zast\u0119pcze na ca\u0142y okres naprawy.<\/p>\n<p><strong>Serwis techniczny<\/strong><br \/>\nJed\u017a spokojnie i niczym si\u0119 nie martw. Wynajmowane samochody obj\u0119te s\u0105 pe\u0142nym serwisem technicznym.<\/p>\n<\/div><\/section><\/div><div class=\"flex_column av_one_half  av-animated-generic bottom-to-top  flex_column_div av-zero-column-padding   avia-builder-el-13  el_after_av_one_half  avia-builder-el-last  column-top-margin\" style='margin-top:0px; margin-bottom:0px; border-radius:0px; '><section class=\"av_textblock_section \"  itemscope=\"itemscope\" itemtype=\"https:\/\/schema.org\/CreativeWork\" ><div class='avia_textblock  '   itemprop=\"text\" ><p><strong>Opony<\/strong><br \/>\nKa\u017cdy aspekt u\u017cytkowania auta mamy pod kontrol\u0105. Organizujemy terminow\u0105 wymian\u0119 opon oraz ich przechowywanie w uzgodnionym wcze\u015bniej miejscu.<\/p>\n<p><strong>Ubezpieczenie i komfort<\/strong><br \/>\nWszystkie auta posiadaj\u0105 podstawowe ubezpieczenie. Zajmujemy si\u0119 ekspresow\u0105 organizacj\u0105 likwidacji szk\u00f3d komunikacyjnych.<\/p>\n<\/div><\/section><\/div><\/p>\n","protected":false},"excerpt":{"rendered":"","protected":false},"author":1,"featured_media":278,"parent":25,"menu_order":0,"comment_status":"closed","ping_status":"closed","template":"","meta":{"footnotes":""},"class_list":["post-113","page","type-page","status-publish","has-post-thumbnail","hentry"],"_links":{"self":[{"href":"http:\/\/tandemcommodities.com\/index.php?rest_route=\/wp\/v2\/pages\/113","targetHints":{"allow":["GET"]}}],"collection":[{"href":"http:\/\/tandemcommodities.com\/index.php?rest_route=\/wp\/v2\/pages"}],"about":[{"href":"http:\/\/tandemcommodities.com\/index.php?rest_route=\/wp\/v2\/types\/page"}],"author":[{"embeddable":true,"href":"http:\/\/tandemcommodities.com\/index.php?rest_route=\/wp\/v2\/users\/1"}],"replies":[{"embeddable":true,"href":"http:\/\/tandemcommodities.com\/index.php?rest_route=%2Fwp%2Fv2%2Fcomments&post=113"}],"version-history":[{"count":7,"href":"http:\/\/tandemcommodities.com\/index.php?rest_route=\/wp\/v2\/pages\/113\/revisions"}],"predecessor-version":[{"id":351,"href":"http:\/\/tandemcommodities.com\/index.php?rest_route=\/wp\/v2\/pages\/113\/revisions\/351"}],"up":[{"embeddable":true,"href":"http:\/\/tandemcommodities.com\/index.php?rest_route=\/wp\/v2\/pages\/25"}],"wp:featuredmedia":[{"embeddable":true,"href":"http:\/\/tandemcommodities.com\/index.php?rest_route=\/wp\/v2\/media\/278"}],"wp:attachment":[{"href":"http:\/\/tandemcommodities.com\/index.php?rest_route=%2Fwp%2Fv2%2Fmedia&parent=113"}],"curies":[{"name":"wp","href":"https:\/\/api.w.org\/{rel}","templated":true}]}}