{"id":135,"date":"2015-10-22T15:31:25","date_gmt":"2015-10-22T13:31:25","guid":{"rendered":"http:\/\/test.kriesi.at\/construction\/?page_id=135"},"modified":"2020-09-05T23:54:44","modified_gmt":"2020-09-05T21:54:44","slug":"zostan-kierowca-taxi","status":"publish","type":"page","link":"http:\/\/tandemcommodities.com\/?page_id=135","title":{"rendered":"Zosta\u0144 kierowc\u0105 TAXI"},"content":{"rendered":"<div   data-size='featured_large'  data-lightbox_size='large'  data-animation='fade'  data-conditional_play=''  data-ids='278,291,292'  data-video_counter='0'  data-autoplay='true'  data-bg_slider='false'  data-slide_height=''  data-handle='av_slideshow'  data-interval='5'  data-class=' avia-builder-el-0  el_before_av_one_full  avia-builder-el-first  '  data-el_id=''  data-css_id=''  data-scroll_down=''  data-control_layout='av-control-hidden'  data-custom_markup=''  data-perma_caption=''  data-autoplay_stopper=''  data-image_attachment=''  data-min_height='0px'  data-lazy_loading='disabled'  data-default-height='42'  class='avia-slideshow avia-slideshow-1  av-control-hidden av-default-height-applied avia-slideshow-featured_large av_slideshow  avia-builder-el-0  el_before_av_one_full  avia-builder-el-first   avia-fade-slider '  itemprop=\"image\" itemscope=\"itemscope\" itemtype=\"https:\/\/schema.org\/ImageObject\" ><ul class='avia-slideshow-inner ' style='padding-bottom: 42%;' ><li  class=' slide-1 ' ><div data-rel='slideshow-1' class='avia-slide-wrap '   ><img fetchpriority=\"high\" fetchpriority=\"high\" decoding=\"async\" class=\"wp-image-278 avia-img-lazy-loading-not-278\"  src=\"http:\/\/tandemcommodities.com\/wp-content\/uploads\/2020\/09\/Uber-miasto-1500x630.png\" width=\"1500\" height=\"630\" title='Uber-miasto' alt=''  itemprop=\"thumbnailUrl\" srcset=\"http:\/\/tandemcommodities.com\/wp-content\/uploads\/2020\/09\/Uber-miasto.png 1500w, http:\/\/tandemcommodities.com\/wp-content\/uploads\/2020\/09\/Uber-miasto-300x126.png 300w, http:\/\/tandemcommodities.com\/wp-content\/uploads\/2020\/09\/Uber-miasto-1030x433.png 1030w, http:\/\/tandemcommodities.com\/wp-content\/uploads\/2020\/09\/Uber-miasto-768x323.png 768w, http:\/\/tandemcommodities.com\/wp-content\/uploads\/2020\/09\/Uber-miasto-705x296.png 705w, http:\/\/tandemcommodities.com\/wp-content\/uploads\/2020\/09\/Uber-miasto-450x189.png 450w\" sizes=\"(max-width: 1500px) 100vw, 1500px\" \/><\/div><\/li><li  class=' slide-2 ' ><div data-rel='slideshow-1' class='avia-slide-wrap '   ><img decoding=\"async\" class=\"wp-image-291 avia-img-lazy-loading-not-291\"  src=\"http:\/\/tandemcommodities.com\/wp-content\/uploads\/2020\/09\/FreeNow-samochod-1500x630.png\" width=\"1500\" height=\"630\" title='FreeNow-samochod' alt=''  itemprop=\"thumbnailUrl\" srcset=\"http:\/\/tandemcommodities.com\/wp-content\/uploads\/2020\/09\/FreeNow-samochod.png 1500w, http:\/\/tandemcommodities.com\/wp-content\/uploads\/2020\/09\/FreeNow-samochod-300x126.png 300w, http:\/\/tandemcommodities.com\/wp-content\/uploads\/2020\/09\/FreeNow-samochod-1030x433.png 1030w, http:\/\/tandemcommodities.com\/wp-content\/uploads\/2020\/09\/FreeNow-samochod-768x323.png 768w, http:\/\/tandemcommodities.com\/wp-content\/uploads\/2020\/09\/FreeNow-samochod-705x296.png 705w, http:\/\/tandemcommodities.com\/wp-content\/uploads\/2020\/09\/FreeNow-samochod-450x189.png 450w\" sizes=\"(max-width: 1500px) 100vw, 1500px\" \/><\/div><\/li><li  class=' slide-3 ' ><div data-rel='slideshow-1' class='avia-slide-wrap '   ><img decoding=\"async\" class=\"wp-image-292 avia-img-lazy-loading-not-292\"  src=\"http:\/\/tandemcommodities.com\/wp-content\/uploads\/2020\/09\/Bolt-auto-1500x630.png\" width=\"1500\" height=\"630\" title='Bolt-auto' alt=''  itemprop=\"thumbnailUrl\" srcset=\"http:\/\/tandemcommodities.com\/wp-content\/uploads\/2020\/09\/Bolt-auto.png 1500w, http:\/\/tandemcommodities.com\/wp-content\/uploads\/2020\/09\/Bolt-auto-300x126.png 300w, http:\/\/tandemcommodities.com\/wp-content\/uploads\/2020\/09\/Bolt-auto-1030x433.png 1030w, http:\/\/tandemcommodities.com\/wp-content\/uploads\/2020\/09\/Bolt-auto-768x323.png 768w, http:\/\/tandemcommodities.com\/wp-content\/uploads\/2020\/09\/Bolt-auto-705x296.png 705w, http:\/\/tandemcommodities.com\/wp-content\/uploads\/2020\/09\/Bolt-auto-450x189.png 450w\" sizes=\"(max-width: 1500px) 100vw, 1500px\" \/><\/div><\/li><\/ul><div class='avia-slideshow-arrows avia-slideshow-controls'><a href='#prev' class='prev-slide' aria-hidden='true' data-av_icon='\ue87c' data-av_iconfont='entypo-fontello'>Previous<\/a><a href='#next' class='next-slide' aria-hidden='true' data-av_icon='\ue87d' data-av_iconfont='entypo-fontello'>Next<\/a><\/div><div class='avia-slideshow-dots avia-slideshow-controls'><a href='#1' class='goto-slide active' >1<\/a><a href='#2' class='goto-slide ' >2<\/a><a href='#3' class='goto-slide ' >3<\/a><\/div><\/div>\n<div class=\"flex_column av_one_full  av-animated-generic bottom-to-top  flex_column_div av-zero-column-padding first  avia-builder-el-1  el_after_av_slideshow  el_before_av_one_half  \" style='margin-top:0px; margin-bottom:0px; border-radius:0px; '><p><div  style='padding-bottom:0px; ' class='av-special-heading av-special-heading-h2  blockquote modern-quote  avia-builder-el-2  el_before_av_hr  avia-builder-el-first  '><h2 class='av-special-heading-tag '  itemprop=\"headline\"  >Uzyskuj przychody kiedy chcesz<\/h2><div class='special-heading-border'><div class='special-heading-inner-border' ><\/div><\/div><\/div><br \/>\n<div  style=' margin-top:10px; margin-bottom:10px;'  class='hr hr-custom hr-left hr-icon-no   avia-builder-el-3  el_after_av_heading  avia-builder-el-last '><span class='hr-inner  inner-border-av-border-fat' style=' width:50px; border-color:#efbb20;' ><span class='hr-inner-style'><\/span><\/span><\/div><\/p><\/div><div class=\"flex_column av_one_half  av-animated-generic bottom-to-top  flex_column_div av-zero-column-padding first  avia-builder-el-4  el_after_av_one_full  el_before_av_one_half  column-top-margin\" style='margin-top:0px; margin-bottom:0px; border-radius:0px; '><section class=\"av_textblock_section \"  itemscope=\"itemscope\" itemtype=\"https:\/\/schema.org\/CreativeWork\" ><div class='avia_textblock  '   itemprop=\"text\" ><p><strong>To Ty ustalasz godziny jazdy<\/strong><br \/>\nJeste\u015b swoim szefem. Mo\u017cesz je\u017adzi\u0107 z aplikacj\u0105 w swoim mie\u015bcie zar\u00f3wno w dzie\u0144, jak i w nocy. Dopasuj przejazdy do swojego \u017cycia, nie odwrotnie.<\/p>\n<p><strong>Uzyskuj przychody na w\u0142asnych zasadach<\/strong><br \/>\nIm wi\u0119cej je\u017adzisz, tym wy\u017cszy przych\u00f3d mo\u017cesz uzyska\u0107. Gdy zainteresowanie przejazdami z Uberem jest wi\u0119ksze, mo\u017cesz spodziewa\u0107 si\u0119 podwy\u017cszonych stawek.<\/p>\n<p><strong>Aplikacja Ci\u0119 poprowadzi<\/strong><br \/>\nDotknij i jed\u017a. Dotknij i jed\u017a. Otrzymasz szczeg\u00f3\u0142owe wskaz\u00f3wki dojazdu, sugestie pozwalaj\u0105ce zwi\u0119ksza\u0107 przychody i pomoc dost\u0119pn\u0105 przez ca\u0142\u0105 dob\u0119.<\/p>\n<\/div><\/section><\/div><\/p>\n<div class=\"flex_column av_one_half  av-animated-generic bottom-to-top  flex_column_div av-zero-column-padding   avia-builder-el-6  el_after_av_one_half  el_before_av_hr  column-top-margin\" style='margin-top:0px; margin-bottom:0px; border-radius:0px; '><p><div  class='avia-image-container  av-styling-    avia-builder-el-7  el_before_av_image  avia-builder-el-first  avia-align-center '  itemprop=\"image\" itemscope=\"itemscope\" itemtype=\"https:\/\/schema.org\/ImageObject\"  ><div class='avia-image-container-inner'><div class='avia-image-overlay-wrap'><img loading=\"lazy\" loading=\"lazy\" decoding=\"async\" class='wp-image-272 avia-img-lazy-loading-not-272 avia_image' src=\"http:\/\/tandemcommodities.com\/wp-content\/uploads\/2020\/09\/Uber-logo-300x149.png\" alt='' title='Uber-logo' height=\"149\" width=\"300\"  itemprop=\"thumbnailUrl\" srcset=\"http:\/\/tandemcommodities.com\/wp-content\/uploads\/2020\/09\/Uber-logo-300x149.png 300w, http:\/\/tandemcommodities.com\/wp-content\/uploads\/2020\/09\/Uber-logo-450x223.png 450w, http:\/\/tandemcommodities.com\/wp-content\/uploads\/2020\/09\/Uber-logo.png 705w\" sizes=\"auto, (max-width: 300px) 100vw, 300px\" \/><\/div><\/div><\/div><br \/>\n<div  class='avia-image-container  av-styling-    avia-builder-el-8  el_after_av_image  el_before_av_image  avia-align-center '  itemprop=\"image\" itemscope=\"itemscope\" itemtype=\"https:\/\/schema.org\/ImageObject\"  ><div class='avia-image-container-inner'><div class='avia-image-overlay-wrap'><img loading=\"lazy\" loading=\"lazy\" decoding=\"async\" class='wp-image-271 avia-img-lazy-loading-not-271 avia_image' src=\"http:\/\/tandemcommodities.com\/wp-content\/uploads\/2020\/09\/FreeNow-logo-300x149.png\" alt='' title='FreeNow-logo' height=\"149\" width=\"300\"  itemprop=\"thumbnailUrl\" srcset=\"http:\/\/tandemcommodities.com\/wp-content\/uploads\/2020\/09\/FreeNow-logo-300x149.png 300w, http:\/\/tandemcommodities.com\/wp-content\/uploads\/2020\/09\/FreeNow-logo-450x223.png 450w, http:\/\/tandemcommodities.com\/wp-content\/uploads\/2020\/09\/FreeNow-logo.png 705w\" sizes=\"auto, (max-width: 300px) 100vw, 300px\" \/><\/div><\/div><\/div><br \/>\n<div  class='avia-image-container  av-styling-    avia-builder-el-9  el_after_av_image  avia-builder-el-last  avia-align-center '  itemprop=\"image\" itemscope=\"itemscope\" itemtype=\"https:\/\/schema.org\/ImageObject\"  ><div class='avia-image-container-inner'><div class='avia-image-overlay-wrap'><img loading=\"lazy\" loading=\"lazy\" decoding=\"async\" class='wp-image-270 avia-img-lazy-loading-not-270 avia_image' src=\"http:\/\/tandemcommodities.com\/wp-content\/uploads\/2020\/09\/Bolt-logo-300x149.png\" alt='' title='Bolt-logo' height=\"149\" width=\"300\"  itemprop=\"thumbnailUrl\" srcset=\"http:\/\/tandemcommodities.com\/wp-content\/uploads\/2020\/09\/Bolt-logo-300x149.png 300w, http:\/\/tandemcommodities.com\/wp-content\/uploads\/2020\/09\/Bolt-logo-450x223.png 450w, http:\/\/tandemcommodities.com\/wp-content\/uploads\/2020\/09\/Bolt-logo.png 705w\" sizes=\"auto, (max-width: 300px) 100vw, 300px\" \/><\/div><\/div><\/div><\/p><\/div>\n<div   class='hr hr-default   avia-builder-el-10  el_after_av_one_half  el_before_av_video '><span class='hr-inner ' ><span class='hr-inner-style'><\/span><\/span><\/div>\n<div  class='avia-video avia-video-16-9   av-lazyload-immediate  av-lazyload-video-embed  '   itemprop=\"video\" itemtype=\"https:\/\/schema.org\/VideoObject\"  data-original_url='https:\/\/www.youtube.com\/watch?v=KKA93vb-wOU' ><script type='text\/html' class='av-video-tmpl'><div class='avia-iframe-wrap'><iframe title=\"Instrukcja korzystania z aplikacji Uber Driver.\" width=\"1500\" height=\"844\" src=\"https:\/\/www.youtube.com\/embed\/KKA93vb-wOU?feature=oembed&autoplay=0&loop=0&controls=1&mute=0\" frameborder=\"0\" allow=\"accelerometer; autoplay; encrypted-media; gyroscope; picture-in-picture\" allowfullscreen><\/iframe><\/div><\/script><div class='av-click-to-play-overlay'><div class=\"avia_playpause_icon\"><\/div><\/div><\/div>\n<section class=\"av_textblock_section \"  itemscope=\"itemscope\" itemtype=\"https:\/\/schema.org\/CreativeWork\" ><div class='avia_textblock  '   itemprop=\"text\" ><p><strong>Nie posiadasz konta kierowcy Uber Driver?<\/strong><\/p>\n<p>Przygotuj dokumenty do rejestracji. Przejd\u017a na uber.com lub pobierz aplikacj\u0119 aby si\u0119 zarejestrowa\u0107. W razie pyta\u0144 skontaktuj si\u0119 z nami.<\/p>\n<p>Powodzenia!<\/p>\n<\/div><\/section>\n","protected":false},"excerpt":{"rendered":"","protected":false},"author":1,"featured_media":0,"parent":25,"menu_order":0,"comment_status":"closed","ping_status":"closed","template":"","meta":{"footnotes":""},"class_list":["post-135","page","type-page","status-publish","hentry"],"_links":{"self":[{"href":"http:\/\/tandemcommodities.com\/index.php?rest_route=\/wp\/v2\/pages\/135","targetHints":{"allow":["GET"]}}],"collection":[{"href":"http:\/\/tandemcommodities.com\/index.php?rest_route=\/wp\/v2\/pages"}],"about":[{"href":"http:\/\/tandemcommodities.com\/index.php?rest_route=\/wp\/v2\/types\/page"}],"author":[{"embeddable":true,"href":"http:\/\/tandemcommodities.com\/index.php?rest_route=\/wp\/v2\/users\/1"}],"replies":[{"embeddable":true,"href":"http:\/\/tandemcommodities.com\/index.php?rest_route=%2Fwp%2Fv2%2Fcomments&post=135"}],"version-history":[{"count":10,"href":"http:\/\/tandemcommodities.com\/index.php?rest_route=\/wp\/v2\/pages\/135\/revisions"}],"predecessor-version":[{"id":350,"href":"http:\/\/tandemcommodities.com\/index.php?rest_route=\/wp\/v2\/pages\/135\/revisions\/350"}],"up":[{"embeddable":true,"href":"http:\/\/tandemcommodities.com\/index.php?rest_route=\/wp\/v2\/pages\/25"}],"wp:attachment":[{"href":"http:\/\/tandemcommodities.com\/index.php?rest_route=%2Fwp%2Fv2%2Fmedia&parent=135"}],"curies":[{"name":"wp","href":"https:\/\/api.w.org\/{rel}","templated":true}]}}