{"id":138,"date":"2015-10-22T15:31:54","date_gmt":"2015-10-22T13:31:54","guid":{"rendered":"http:\/\/test.kriesi.at\/construction\/?page_id=138"},"modified":"2020-09-06T00:04:11","modified_gmt":"2020-09-05T22:04:11","slug":"dostawy-jedzenia","status":"publish","type":"page","link":"http:\/\/tandemcommodities.com\/?page_id=138","title":{"rendered":"Zosta\u0144 dostawc\u0105 Uber Eats"},"content":{"rendered":"<div   data-size='featured_large'  data-lightbox_size='large'  data-animation='fade'  data-conditional_play=''  data-ids='277'  data-video_counter='0'  data-autoplay='true'  data-bg_slider='false'  data-slide_height=''  data-handle='av_slideshow'  data-interval='5'  data-class=' avia-builder-el-0  el_before_av_one_full  avia-builder-el-first  '  data-el_id=''  data-css_id=''  data-scroll_down=''  data-control_layout='av-control-hidden'  data-custom_markup=''  data-perma_caption=''  data-autoplay_stopper=''  data-image_attachment=''  data-min_height='0px'  data-lazy_loading='disabled'  data-default-height='42'  class='avia-slideshow avia-slideshow-1  av-control-hidden av-default-height-applied avia-slideshow-featured_large av_slideshow  avia-builder-el-0  el_before_av_one_full  avia-builder-el-first   avia-fade-slider '  itemprop=\"image\" itemscope=\"itemscope\" itemtype=\"https:\/\/schema.org\/ImageObject\" ><ul class='avia-slideshow-inner ' style='padding-bottom: 42%;' ><li  class=' av-single-slide slide-1 ' ><div data-rel='slideshow-1' class='avia-slide-wrap '   ><img fetchpriority=\"high\" fetchpriority=\"high\" decoding=\"async\" class=\"wp-image-277 avia-img-lazy-loading-not-277\"  src=\"http:\/\/tandemcommodities.com\/wp-content\/uploads\/2020\/09\/UberEats-dostawa-1500x630.png\" width=\"1500\" height=\"630\" title='UberEats-dostawa' alt=''  itemprop=\"thumbnailUrl\" srcset=\"http:\/\/tandemcommodities.com\/wp-content\/uploads\/2020\/09\/UberEats-dostawa.png 1500w, http:\/\/tandemcommodities.com\/wp-content\/uploads\/2020\/09\/UberEats-dostawa-300x126.png 300w, http:\/\/tandemcommodities.com\/wp-content\/uploads\/2020\/09\/UberEats-dostawa-1030x433.png 1030w, http:\/\/tandemcommodities.com\/wp-content\/uploads\/2020\/09\/UberEats-dostawa-768x323.png 768w, http:\/\/tandemcommodities.com\/wp-content\/uploads\/2020\/09\/UberEats-dostawa-705x296.png 705w, http:\/\/tandemcommodities.com\/wp-content\/uploads\/2020\/09\/UberEats-dostawa-450x189.png 450w\" sizes=\"(max-width: 1500px) 100vw, 1500px\" \/><\/div><\/li><\/ul><\/div>\n<div class=\"flex_column av_one_full  av-animated-generic bottom-to-top  flex_column_div av-zero-column-padding first  avia-builder-el-1  el_after_av_slideshow  el_before_av_one_half  \" style='margin-top:0px; margin-bottom:0px; border-radius:0px; '><div  style='padding-bottom:0px; ' class='av-special-heading av-special-heading-h2  blockquote modern-quote  avia-builder-el-2  avia-builder-el-no-sibling  '><h2 class='av-special-heading-tag '  itemprop=\"headline\"  >Zosta\u0144 dostawc\u0105 Uber Eats<\/h2><div class='special-heading-border'><div class='special-heading-inner-border' ><\/div><\/div><\/div><\/div><div class=\"flex_column av_one_half  av-animated-generic bottom-to-top  flex_column_div av-zero-column-padding first  avia-builder-el-3  el_after_av_one_full  el_before_av_one_half  column-top-margin\" style='margin-top:0px; margin-bottom:0px; border-radius:0px; '><section class=\"av_textblock_section \"  itemscope=\"itemscope\" itemtype=\"https:\/\/schema.org\/CreativeWork\" ><div class='avia_textblock  '   itemprop=\"text\" ><p>Sprawd\u017a, jak \u0142atwo zarabia\u0107 dzi\u0119ki Uber Eats dostarczaj\u0105c jedzenie w Twoim mie\u015bcie. Je\u017celi masz pytania jak zacz\u0105\u0107 wsp\u00f3\u0142prac\u0119 mo\u017cesz do nas zadzwoni\u0107.<\/p>\n<p>Jeste\u015bmy dost\u0119pni od poniedzia\u0142ku do pi\u0105tku w godzinach 9-17.<\/p>\n<\/div><\/section><\/div><\/p>\n<div class=\"flex_column av_one_half  av-animated-generic bottom-to-top  flex_column_div av-zero-column-padding   avia-builder-el-5  el_after_av_one_half  el_before_av_one_full  column-top-margin\" style='margin-top:0px; margin-bottom:0px; border-radius:0px; '><div  class='avia-image-container  av-styling-    avia-builder-el-6  avia-builder-el-no-sibling  avia-align-center '  itemprop=\"image\" itemscope=\"itemscope\" itemtype=\"https:\/\/schema.org\/ImageObject\"  ><div class='avia-image-container-inner'><div class='avia-image-overlay-wrap'><img decoding=\"async\" class='wp-image-285 avia-img-lazy-loading-not-285 avia_image' src=\"http:\/\/tandemcommodities.com\/wp-content\/uploads\/2020\/09\/UberEats-logo-kwadrat-180x180.png\" alt='' title='UberEats-logo-kwadrat' height=\"180\" width=\"180\"  itemprop=\"thumbnailUrl\" srcset=\"http:\/\/tandemcommodities.com\/wp-content\/uploads\/2020\/09\/UberEats-logo-kwadrat-180x180.png 180w, http:\/\/tandemcommodities.com\/wp-content\/uploads\/2020\/09\/UberEats-logo-kwadrat-300x300.png 300w, http:\/\/tandemcommodities.com\/wp-content\/uploads\/2020\/09\/UberEats-logo-kwadrat-80x80.png 80w, http:\/\/tandemcommodities.com\/wp-content\/uploads\/2020\/09\/UberEats-logo-kwadrat-36x36.png 36w, http:\/\/tandemcommodities.com\/wp-content\/uploads\/2020\/09\/UberEats-logo-kwadrat-120x120.png 120w, http:\/\/tandemcommodities.com\/wp-content\/uploads\/2020\/09\/UberEats-logo-kwadrat.png 360w\" sizes=\"(max-width: 180px) 100vw, 180px\" \/><\/div><\/div><\/div><\/div>\n<div class=\"flex_column av_one_full  av-animated-generic bottom-to-top  flex_column_div av-zero-column-padding first  avia-builder-el-7  el_after_av_one_half  el_before_av_hr  column-top-margin\" style='border-radius:0px; '><div  class=\"togglecontainer   toggle_close_all  avia-builder-el-8  avia-builder-el-no-sibling \" >\n<section class=\"av_toggle_section\"  itemscope=\"itemscope\" itemtype=\"https:\/\/schema.org\/CreativeWork\"  >    <div role=\"tablist\" class=\"single_toggle\" data-tags=\"{All} \"  >        <p data-fake-id=\"#toggle-id-1\" class=\"toggler activeTitle\"  itemprop=\"headline\"    role=\"tab\" tabindex=\"0\" aria-controls=\"toggle-id-1\">Tw\u00f3j pojazd, tw\u00f3j czas<span class=\"toggle_icon\" >        <span class=\"vert_icon\"><\/span><span class=\"hor_icon\"><\/span><\/span><\/p>        <div id=\"toggle-id-1\" class=\"toggle_wrap active_tc\"  style='display:block;'>            <div class=\"toggle_content invers-color \"  itemprop=\"text\"   ><p>Masz rower, skuter lub samoch\u00f3d? Zacznij pracowa\u0107 na w\u0142asnych zasadach, wtedy, gdy masz czas. Par\u0119 godzin, weekend, ca\u0142y tydzie\u0144 &#8211; Ty ustalasz sw\u00f3j grafik.<\/p>\n            <\/div>        <\/div>    <\/div><\/section>\n<section class=\"av_toggle_section\"  itemscope=\"itemscope\" itemtype=\"https:\/\/schema.org\/CreativeWork\"  >    <div role=\"tablist\" class=\"single_toggle\" data-tags=\"{All} \"  >        <p data-fake-id=\"#toggle-id-2\" class=\"toggler \"  itemprop=\"headline\"    role=\"tab\" tabindex=\"0\" aria-controls=\"toggle-id-2\">Wyp\u0142ata co tydzie\u0144<span class=\"toggle_icon\" >        <span class=\"vert_icon\"><\/span><span class=\"hor_icon\"><\/span><\/span><\/p>        <div id=\"toggle-id-2\" class=\"toggle_wrap \"  >            <div class=\"toggle_content invers-color \"  itemprop=\"text\"   ><p>Potrzebujesz got\u00f3wki od razu? Dostarczaj z Uber Eats i otrzymuj wyp\u0142at\u0119 co tydzie\u0144!<\/p>\n            <\/div>        <\/div>    <\/div><\/section>\n<section class=\"av_toggle_section\"  itemscope=\"itemscope\" itemtype=\"https:\/\/schema.org\/CreativeWork\"  >    <div role=\"tablist\" class=\"single_toggle\" data-tags=\"{All} \"  >        <p data-fake-id=\"#toggle-id-3\" class=\"toggler \"  itemprop=\"headline\"    role=\"tab\" tabindex=\"0\" aria-controls=\"toggle-id-3\">Doce\u0144 swoje miasto<span class=\"toggle_icon\" >        <span class=\"vert_icon\"><\/span><span class=\"hor_icon\"><\/span><\/span><\/p>        <div id=\"toggle-id-3\" class=\"toggle_wrap \"  >            <div class=\"toggle_content invers-color \"  itemprop=\"text\"   ><p>Pomi\u0119dzy odbiorem i dostarczeniem zam\u00f3wienia, jeste\u015b tylko Ty i miejska przestrze\u0144. Doce\u0144 urok swojego miasta.<\/p>\n            <\/div>        <\/div>    <\/div><\/section>\n<\/div><\/div><div  style=' margin-top:10px; margin-bottom:10px;'  class='hr hr-custom hr-left hr-icon-no   avia-builder-el-9  el_after_av_one_full  el_before_av_video '><span class='hr-inner  inner-border-av-border-fat' style=' width:50px; border-color:#efbb20;' ><span class='hr-inner-style'><\/span><\/span><\/div><\/p>\n<div  class='avia-video avia-video-16-9   av-lazyload-immediate  av-lazyload-video-embed  '   itemprop=\"video\" itemtype=\"https:\/\/schema.org\/VideoObject\"  data-original_url='https:\/\/www.youtube.com\/watch?v=0wJUmy_6_D8' ><script type='text\/html' class='av-video-tmpl'><div class='avia-iframe-wrap'><iframe title=\"Jak zosta\u0107 dostawc\u0105 z Uber Eats\" width=\"1500\" height=\"844\" src=\"https:\/\/www.youtube.com\/embed\/0wJUmy_6_D8?feature=oembed&autoplay=0&loop=0&controls=1&mute=0\" frameborder=\"0\" allow=\"accelerometer; autoplay; encrypted-media; gyroscope; picture-in-picture\" allowfullscreen><\/iframe><\/div><\/script><div class='av-click-to-play-overlay'><div class=\"avia_playpause_icon\"><\/div><\/div><\/div>\n","protected":false},"excerpt":{"rendered":"","protected":false},"author":1,"featured_media":0,"parent":25,"menu_order":0,"comment_status":"closed","ping_status":"closed","template":"","meta":{"footnotes":""},"class_list":["post-138","page","type-page","status-publish","hentry"],"_links":{"self":[{"href":"http:\/\/tandemcommodities.com\/index.php?rest_route=\/wp\/v2\/pages\/138","targetHints":{"allow":["GET"]}}],"collection":[{"href":"http:\/\/tandemcommodities.com\/index.php?rest_route=\/wp\/v2\/pages"}],"about":[{"href":"http:\/\/tandemcommodities.com\/index.php?rest_route=\/wp\/v2\/types\/page"}],"author":[{"embeddable":true,"href":"http:\/\/tandemcommodities.com\/index.php?rest_route=\/wp\/v2\/users\/1"}],"replies":[{"embeddable":true,"href":"http:\/\/tandemcommodities.com\/index.php?rest_route=%2Fwp%2Fv2%2Fcomments&post=138"}],"version-history":[{"count":5,"href":"http:\/\/tandemcommodities.com\/index.php?rest_route=\/wp\/v2\/pages\/138\/revisions"}],"predecessor-version":[{"id":352,"href":"http:\/\/tandemcommodities.com\/index.php?rest_route=\/wp\/v2\/pages\/138\/revisions\/352"}],"up":[{"embeddable":true,"href":"http:\/\/tandemcommodities.com\/index.php?rest_route=\/wp\/v2\/pages\/25"}],"wp:attachment":[{"href":"http:\/\/tandemcommodities.com\/index.php?rest_route=%2Fwp%2Fv2%2Fmedia&parent=138"}],"curies":[{"name":"wp","href":"https:\/\/api.w.org\/{rel}","templated":true}]}}