{"id":19,"date":"2015-10-15T14:50:55","date_gmt":"2015-10-15T14:50:55","guid":{"rendered":"http:\/\/wpoffice\/construction\/?page_id=9"},"modified":"2023-01-10T13:16:34","modified_gmt":"2023-01-10T12:16:34","slug":"home","status":"publish","type":"page","link":"http:\/\/tandemcommodities.com\/","title":{"rendered":"Strona g\u0142\u00f3wna"},"content":{"rendered":"<div class=\"flex_column av_one_full  flex_column_div first  avia-builder-el-0  el_before_av_slideshow_full  avia-builder-el-no-sibling  \" style='border-radius:0px; '><section class=\"av_textblock_section \"  itemscope=\"itemscope\" itemtype=\"https:\/\/schema.org\/CreativeWork\" ><div class='avia_textblock  '   itemprop=\"text\" ><p style=\"text-align: center;\"><a href=\"http:\/\/tandemcommodities.com\/?page_id=372\"><img loading=\"lazy\" decoding=\"async\" class=\"aligncenter size-large wp-image-387\" src=\"http:\/\/tandemcommodities.com\/wp-content\/uploads\/2023\/01\/logauniazpodpis-1030x155.png\" alt=\"\" width=\"1030\" height=\"155\" srcset=\"http:\/\/tandemcommodities.com\/wp-content\/uploads\/2023\/01\/logauniazpodpis-1030x155.png 1030w, http:\/\/tandemcommodities.com\/wp-content\/uploads\/2023\/01\/logauniazpodpis-300x45.png 300w, http:\/\/tandemcommodities.com\/wp-content\/uploads\/2023\/01\/logauniazpodpis-768x115.png 768w, http:\/\/tandemcommodities.com\/wp-content\/uploads\/2023\/01\/logauniazpodpis-705x106.png 705w, http:\/\/tandemcommodities.com\/wp-content\/uploads\/2023\/01\/logauniazpodpis.png 1399w\" sizes=\"(max-width: 1030px) 100vw, 1030px\" \/><\/a>Przedsi\u0119biorstwo Tandem Commodities sp. z o.o. realizuje projekt dofinansowany z Funduszy Europejskich &#8220;Przeciwdzia\u0142anie gospodarczym skutkom pandemii poprzez wprowadzanie zmian sposobu \u015bwiadczenia us\u0142ug oraz zakup niezb\u0119dnych \u015brodk\u00f3w w celu wdro\u017cenia nowych us\u0142ug i produkt\u00f3w&#8221;<br \/>\n<a href=\"http:\/\/tandemcommodities.com\/?page_id=372\">czytaj wi\u0119cej<\/a><\/p>\n<\/div><\/section><\/div><\/div><\/div><\/div><!-- close content main div --><\/div><\/div><div id='full_slider_1'  class='avia-fullwidth-slider main_color avia-shadow   avia-builder-el-2  el_after_av_one_full  el_before_av_section   slider-not-first container_wrap sidebar_right' style=' '  ><div   data-size='featured_large'  data-lightbox_size='large'  data-animation='fade'  data-conditional_play=''  data-ids='294,293,295'  data-video_counter='0'  data-autoplay='true'  data-bg_slider='false'  data-slide_height=''  data-handle='av_slideshow_full'  data-interval='5'  data-class=' '  data-el_id=''  data-css_id=''  data-scroll_down=''  data-control_layout='av-control-minimal'  data-custom_markup=''  data-perma_caption=''  data-autoplay_stopper=''  data-image_attachment=''  data-min_height='0px'  data-lazy_loading='disabled'  data-src=''  data-position='top left'  data-repeat='no-repeat'  data-attach='scroll'  data-stretch=''  data-default-height='42'  class='avia-slideshow avia-slideshow-1  av-control-minimal av-default-height-applied avia-slideshow-featured_large av_slideshow_full   avia-fade-slider '  itemprop=\"image\" itemscope=\"itemscope\" itemtype=\"https:\/\/schema.org\/ImageObject\" ><ul class='avia-slideshow-inner ' style='padding-bottom: 42%;' ><li  class=' slide-1 ' ><div data-rel='slideshow-1' class='avia-slide-wrap '   ><div class = \"caption_fullwidth av-slideshow-caption caption_left caption_left_framed caption_framed\"><div class = \"container caption_container\"><div class = \"slideshow_caption\"><div class = \"slideshow_inner_caption\"><div class = \"slideshow_align_caption\"><h2  class='avia-caption-title  '  itemprop=\"name\" >Rekomendowany Partner<\/h2><div class='avia-caption-content  '  itemprop=\"description\"  ><p>Rozliczenia przychod\u00f3w z aplikacji Uber, Bolt i FreeNow.<\/p>\n<\/div><\/div><\/div><\/div><\/div><\/div><img fetchpriority=\"high\" fetchpriority=\"high\" decoding=\"async\" class=\"wp-image-294 avia-img-lazy-loading-not-294\"  src=\"http:\/\/tandemcommodities.com\/wp-content\/uploads\/2020\/09\/Uber-starttop-1500x630.png\" width=\"1500\" height=\"630\" title='Uber-starttop' alt=''  itemprop=\"thumbnailUrl\" srcset=\"http:\/\/tandemcommodities.com\/wp-content\/uploads\/2020\/09\/Uber-starttop.png 1500w, http:\/\/tandemcommodities.com\/wp-content\/uploads\/2020\/09\/Uber-starttop-300x126.png 300w, http:\/\/tandemcommodities.com\/wp-content\/uploads\/2020\/09\/Uber-starttop-1030x433.png 1030w, http:\/\/tandemcommodities.com\/wp-content\/uploads\/2020\/09\/Uber-starttop-768x323.png 768w, http:\/\/tandemcommodities.com\/wp-content\/uploads\/2020\/09\/Uber-starttop-705x296.png 705w, http:\/\/tandemcommodities.com\/wp-content\/uploads\/2020\/09\/Uber-starttop-450x189.png 450w\" sizes=\"(max-width: 1500px) 100vw, 1500px\" \/><\/div><\/li><li  class=' slide-2 ' ><div data-rel='slideshow-1' class='avia-slide-wrap '   ><div class = \"caption_fullwidth av-slideshow-caption caption_left caption_left_framed caption_framed\"><div class = \"container caption_container\"><div class = \"slideshow_caption\"><div class = \"slideshow_inner_caption\"><div class = \"slideshow_align_caption\"><h2  class='avia-caption-title  '  itemprop=\"name\" >Wynajem pojazd\u00f3w i TAXI<\/h2><div class='avia-caption-content  '  itemprop=\"description\"  ><p>Uber, Bolt, FreeNow, OptiTaxi, Glovo, Wolt<\/p>\n<\/div><\/div><\/div><\/div><\/div><\/div><img decoding=\"async\" class=\"wp-image-293 avia-img-lazy-loading-not-293\"  src=\"http:\/\/tandemcommodities.com\/wp-content\/uploads\/2020\/09\/FreeNow-starttop-1500x630.png\" width=\"1500\" height=\"630\" title='FreeNow-starttop' alt=''  itemprop=\"thumbnailUrl\" srcset=\"http:\/\/tandemcommodities.com\/wp-content\/uploads\/2020\/09\/FreeNow-starttop.png 1500w, http:\/\/tandemcommodities.com\/wp-content\/uploads\/2020\/09\/FreeNow-starttop-300x126.png 300w, http:\/\/tandemcommodities.com\/wp-content\/uploads\/2020\/09\/FreeNow-starttop-1030x433.png 1030w, http:\/\/tandemcommodities.com\/wp-content\/uploads\/2020\/09\/FreeNow-starttop-768x323.png 768w, http:\/\/tandemcommodities.com\/wp-content\/uploads\/2020\/09\/FreeNow-starttop-705x296.png 705w, http:\/\/tandemcommodities.com\/wp-content\/uploads\/2020\/09\/FreeNow-starttop-450x189.png 450w\" sizes=\"(max-width: 1500px) 100vw, 1500px\" \/><\/div><\/li><li  class=' slide-3 ' ><div data-rel='slideshow-1' class='avia-slide-wrap '   ><div class = \"caption_fullwidth av-slideshow-caption caption_left caption_left_framed caption_framed\"><div class = \"container caption_container\"><div class = \"slideshow_caption\"><div class = \"slideshow_inner_caption\"><div class = \"slideshow_align_caption\"><h2  class='avia-caption-title  '  itemprop=\"name\" >Innowacyjno\u015b\u0107<\/h2><div class='avia-caption-content  '  itemprop=\"description\"  ><p>Kompleksowe us\u0142ugi z zakresu monitoringu i zarz\u0105dzania flot\u0105.<\/p>\n<\/div><\/div><\/div><\/div><\/div><\/div><img decoding=\"async\" class=\"wp-image-295 avia-img-lazy-loading-not-295\"  src=\"http:\/\/tandemcommodities.com\/wp-content\/uploads\/2020\/09\/Bolt-starttop-1500x630.png\" width=\"1500\" height=\"630\" title='Bolt-starttop' alt=''  itemprop=\"thumbnailUrl\" srcset=\"http:\/\/tandemcommodities.com\/wp-content\/uploads\/2020\/09\/Bolt-starttop.png 1500w, http:\/\/tandemcommodities.com\/wp-content\/uploads\/2020\/09\/Bolt-starttop-300x126.png 300w, http:\/\/tandemcommodities.com\/wp-content\/uploads\/2020\/09\/Bolt-starttop-1030x433.png 1030w, http:\/\/tandemcommodities.com\/wp-content\/uploads\/2020\/09\/Bolt-starttop-768x323.png 768w, http:\/\/tandemcommodities.com\/wp-content\/uploads\/2020\/09\/Bolt-starttop-705x296.png 705w, http:\/\/tandemcommodities.com\/wp-content\/uploads\/2020\/09\/Bolt-starttop-450x189.png 450w\" sizes=\"(max-width: 1500px) 100vw, 1500px\" \/><\/div><\/li><\/ul><div class='avia-slideshow-arrows avia-slideshow-controls'><a href='#prev' class='prev-slide' aria-hidden='true' data-av_icon='\ue87c' data-av_iconfont='entypo-fontello'>Previous<\/a><a href='#next' class='next-slide' aria-hidden='true' data-av_icon='\ue87d' data-av_iconfont='entypo-fontello'>Next<\/a><\/div><div class='avia-slideshow-dots avia-slideshow-controls'><a href='#1' class='goto-slide active' >1<\/a><a href='#2' class='goto-slide ' >2<\/a><a href='#3' class='goto-slide ' >3<\/a><\/div><\/div><\/div><\/p>\n<div id='av_section_1'  class='avia-section main_color avia-section-default avia-no-border-styling  avia-full-stretch av-parallax-section avia-bg-style-parallax  avia-builder-el-3  el_after_av_slideshow_full  el_before_av_section   container_wrap sidebar_right' style='background-color: #efbb20;  '  data-section-bg-repeat='stretch'><div class='av-parallax' data-avia-parallax-ratio='0.3' ><div class='av-parallax-inner main_color  avia-full-stretch' style = 'background-color: #efbb20; background-repeat: no-repeat; background-image: url(http:\/\/tandemcommodities.com\/wp-content\/uploads\/2015\/10\/house-wire-model-fade-white.png);background-attachment: scroll; background-position: center right; ' ><\/div><\/div><div class='container' ><div class='template-page content  av-content-small alpha units'><div class='post-entry post-entry-type-page post-entry-19'><div class='entry-content-wrapper clearfix'>\n<div class='flex_column_table av-equal-height-column-flextable -flextable' ><div class=\"flex_column av_one_full  av-animated-generic left-to-right  flex_column_table_cell av-equal-height-column av-align-middle av-zero-column-padding first  avia-builder-el-4  avia-builder-el-no-sibling  \" style='border-radius:0px; '><div  style='padding-bottom:0px; color:#ffffff;font-size:30px;' class='av-special-heading av-special-heading-h3 custom-color-heading blockquote modern-quote modern-centered  avia-builder-el-5  avia-builder-el-no-sibling  av-inherit-size '><h3 class='av-special-heading-tag '  itemprop=\"headline\"  >REKOMENDOWANY I POLECANY PARTNER W BIZNESIE<\/h3><div class='special-heading-border'><div class='special-heading-inner-border' style='border-color:#ffffff'><\/div><\/div><\/div><\/div><\/div><!--close column table wrapper. Autoclose: 1 -->\n\n<\/div><\/div><\/div><!-- close content main div --><\/div><\/div><div id='av_section_2'  class='avia-section main_color avia-section-large avia-no-border-styling  avia-bg-style-scroll  avia-builder-el-6  el_after_av_section  avia-builder-el-last   container_wrap sidebar_right' style=' '  ><div class='container' ><div class='template-page content  av-content-small alpha units'><div class='post-entry post-entry-type-page post-entry-19'><div class='entry-content-wrapper clearfix'>\n<div  style='padding-bottom:0px; ' class='av-special-heading av-special-heading-h2  blockquote modern-quote modern-centered  avia-builder-el-7  el_before_av_hr  avia-builder-el-first  '><h2 class='av-special-heading-tag '  itemprop=\"headline\"  >\u015awiadczone us\u0142ugi<\/h2><div class='special-heading-border'><div class='special-heading-inner-border' ><\/div><\/div><\/div>\n<div  style=' margin-top:5px; margin-bottom:35px;'  class='hr hr-custom hr-center hr-icon-no   avia-builder-el-8  el_after_av_heading  el_before_av_one_third '><span class='hr-inner  inner-border-av-border-fat' style=' width:50px; border-color:#efbb20;' ><span class='hr-inner-style'><\/span><\/span><\/div>\n<div class=\"flex_column av_one_third  av-animated-generic bottom-to-top  flex_column_div av-zero-column-padding first  avia-builder-el-9  el_after_av_hr  el_before_av_one_third  \" style='border-radius:0px; '><p><div  class='avia-image-container  av-styling-no-styling    avia-builder-el-10  el_before_av_heading  avia-builder-el-first  avia-align-center '  itemprop=\"image\" itemscope=\"itemscope\" itemtype=\"https:\/\/schema.org\/ImageObject\"  ><div class='avia-image-container-inner'><div class='avia-image-overlay-wrap'><a href='http:\/\/tandemcommodities.com\/?page_id=113' class='avia_image'  ><img loading=\"lazy\" loading=\"lazy\" decoding=\"async\" width=\"1030\" height=\"433\" class='wp-image-280 avia-img-lazy-loading-not-280 avia_image' src=\"http:\/\/tandemcommodities.com\/wp-content\/uploads\/2020\/09\/Flota-1030x433.png\" alt='' title='Flota'  itemprop=\"thumbnailUrl\" srcset=\"http:\/\/tandemcommodities.com\/wp-content\/uploads\/2020\/09\/Flota-1030x433.png 1030w, http:\/\/tandemcommodities.com\/wp-content\/uploads\/2020\/09\/Flota-300x126.png 300w, http:\/\/tandemcommodities.com\/wp-content\/uploads\/2020\/09\/Flota-768x323.png 768w, http:\/\/tandemcommodities.com\/wp-content\/uploads\/2020\/09\/Flota.png 1500w, http:\/\/tandemcommodities.com\/wp-content\/uploads\/2020\/09\/Flota-705x296.png 705w, http:\/\/tandemcommodities.com\/wp-content\/uploads\/2020\/09\/Flota-450x189.png 450w\" sizes=\"auto, (max-width: 1030px) 100vw, 1030px\" \/><\/a><\/div><\/div><\/div><br \/>\n<div  style='padding-bottom:0px; ' class='av-special-heading av-special-heading-h3  blockquote modern-quote  avia-builder-el-11  el_after_av_image  el_before_av_hr  '><h3 class='av-special-heading-tag '  itemprop=\"headline\"  >Wynajem i zarz\u0105dzanie flot\u0105<\/h3><div class='special-heading-border'><div class='special-heading-inner-border' ><\/div><\/div><\/div><br \/>\n<div  style=' margin-top:10px; margin-bottom:10px;'  class='hr hr-custom hr-left hr-icon-no   avia-builder-el-12  el_after_av_heading  avia-builder-el-last '><span class='hr-inner  inner-border-av-border-fat' style=' width:50px; border-color:#efbb20;' ><span class='hr-inner-style'><\/span><\/span><\/div><\/p><\/div><div class=\"flex_column av_one_third  av-animated-generic bottom-to-top  flex_column_div av-zero-column-padding   avia-builder-el-13  el_after_av_one_third  el_before_av_one_third  \" style='border-radius:0px; '><p><div  class='avia-image-container  av-styling-no-styling    avia-builder-el-14  el_before_av_heading  avia-builder-el-first  avia-align-center '  itemprop=\"image\" itemscope=\"itemscope\" itemtype=\"https:\/\/schema.org\/ImageObject\"  ><div class='avia-image-container-inner'><div class='avia-image-overlay-wrap'><a href='http:\/\/tandemcommodities.com\/?page_id=135' class='avia_image'  ><img loading=\"lazy\" loading=\"lazy\" decoding=\"async\" width=\"1030\" height=\"433\" class='wp-image-278 avia-img-lazy-loading-not-278 avia_image' src=\"http:\/\/tandemcommodities.com\/wp-content\/uploads\/2020\/09\/Uber-miasto-1030x433.png\" alt='' title='Uber-miasto'  itemprop=\"thumbnailUrl\" srcset=\"http:\/\/tandemcommodities.com\/wp-content\/uploads\/2020\/09\/Uber-miasto-1030x433.png 1030w, http:\/\/tandemcommodities.com\/wp-content\/uploads\/2020\/09\/Uber-miasto-300x126.png 300w, http:\/\/tandemcommodities.com\/wp-content\/uploads\/2020\/09\/Uber-miasto-768x323.png 768w, http:\/\/tandemcommodities.com\/wp-content\/uploads\/2020\/09\/Uber-miasto.png 1500w, http:\/\/tandemcommodities.com\/wp-content\/uploads\/2020\/09\/Uber-miasto-705x296.png 705w, http:\/\/tandemcommodities.com\/wp-content\/uploads\/2020\/09\/Uber-miasto-450x189.png 450w\" sizes=\"auto, (max-width: 1030px) 100vw, 1030px\" \/><\/a><\/div><\/div><\/div><br \/>\n<div  style='padding-bottom:0px; ' class='av-special-heading av-special-heading-h3  blockquote modern-quote  avia-builder-el-15  el_after_av_image  el_before_av_hr  '><h3 class='av-special-heading-tag '  itemprop=\"headline\"  >Przew\u00f3z os\u00f3b i TAXI<\/h3><div class='special-heading-border'><div class='special-heading-inner-border' ><\/div><\/div><\/div><br \/>\n<div  style=' margin-top:10px; margin-bottom:10px;'  class='hr hr-custom hr-left hr-icon-no   avia-builder-el-16  el_after_av_heading  avia-builder-el-last '><span class='hr-inner  inner-border-av-border-fat' style=' width:50px; border-color:#efbb20;' ><span class='hr-inner-style'><\/span><\/span><\/div><\/p><\/div><div class=\"flex_column av_one_third  av-animated-generic bottom-to-top  flex_column_div av-zero-column-padding   avia-builder-el-17  el_after_av_one_third  el_before_av_hr  \" style='border-radius:0px; '><p><div  class='avia-image-container  av-styling-no-styling    avia-builder-el-18  el_before_av_heading  avia-builder-el-first  avia-align-center '  itemprop=\"image\" itemscope=\"itemscope\" itemtype=\"https:\/\/schema.org\/ImageObject\"  ><div class='avia-image-container-inner'><div class='avia-image-overlay-wrap'><a href='http:\/\/tandemcommodities.com\/?page_id=138' class='avia_image'  ><img loading=\"lazy\" loading=\"lazy\" decoding=\"async\" width=\"1030\" height=\"433\" class='wp-image-277 avia-img-lazy-loading-not-277 avia_image' src=\"http:\/\/tandemcommodities.com\/wp-content\/uploads\/2020\/09\/UberEats-dostawa-1030x433.png\" alt='' title='UberEats-dostawa'  itemprop=\"thumbnailUrl\" srcset=\"http:\/\/tandemcommodities.com\/wp-content\/uploads\/2020\/09\/UberEats-dostawa-1030x433.png 1030w, http:\/\/tandemcommodities.com\/wp-content\/uploads\/2020\/09\/UberEats-dostawa-300x126.png 300w, http:\/\/tandemcommodities.com\/wp-content\/uploads\/2020\/09\/UberEats-dostawa-768x323.png 768w, http:\/\/tandemcommodities.com\/wp-content\/uploads\/2020\/09\/UberEats-dostawa.png 1500w, http:\/\/tandemcommodities.com\/wp-content\/uploads\/2020\/09\/UberEats-dostawa-705x296.png 705w, http:\/\/tandemcommodities.com\/wp-content\/uploads\/2020\/09\/UberEats-dostawa-450x189.png 450w\" sizes=\"auto, (max-width: 1030px) 100vw, 1030px\" \/><\/a><\/div><\/div><\/div><br \/>\n<div  style='padding-bottom:0px; ' class='av-special-heading av-special-heading-h3  blockquote modern-quote  avia-builder-el-19  el_after_av_image  el_before_av_hr  '><h3 class='av-special-heading-tag '  itemprop=\"headline\"  >Dostawy jedzenia<\/h3><div class='special-heading-border'><div class='special-heading-inner-border' ><\/div><\/div><\/div><br \/>\n<div  style=' margin-top:10px; margin-bottom:10px;'  class='hr hr-custom hr-left hr-icon-no   avia-builder-el-20  el_after_av_heading  avia-builder-el-last '><span class='hr-inner  inner-border-av-border-fat' style=' width:50px; border-color:#efbb20;' ><span class='hr-inner-style'><\/span><\/span><\/div><\/p><\/div><div  style='height:50px' class='hr hr-invisible   avia-builder-el-21  el_after_av_one_third  el_before_av_heading '><span class='hr-inner ' ><span class='hr-inner-style'><\/span><\/span><\/div>\n<div  style='padding-bottom:0px; ' class='av-special-heading av-special-heading-h2  blockquote modern-quote modern-centered  avia-builder-el-22  el_after_av_hr  el_before_av_one_full  '><h2 class='av-special-heading-tag '  itemprop=\"headline\"  >Partner aplikacji<\/h2><div class='special-heading-border'><div class='special-heading-inner-border' ><\/div><\/div><\/div>\n<div class=\"flex_column av_one_full  flex_column_div av-zero-column-padding first  avia-builder-el-23  el_after_av_heading  el_before_av_heading  \" style='border-radius:0px; '><div   data-autoplay='false'  data-interval='5'  data-animation='slide'  class='avia-logo-element-container av-border-deactivate avia-logo-grid avia-content-slider avia-smallarrow-slider avia-content-grid-active noHover avia-content-slider1 avia-content-slider-even  avia-builder-el-24  avia-builder-el-no-sibling  ' ><div class='avia-smallarrow-slider-heading  no-logo-slider-heading '><div class='new-special-heading'>&nbsp;<\/div><\/div><div class='avia-content-slider-inner'><div class='slide-entry-wrap' ><div  class='slide-entry flex_column no_margin post-entry slide-entry-overview slide-loop-1 slide-parity-odd  av_one_fourth first real-thumbnail'><span class='av-partner-fake-img' style='padding-bottom:49.645390070922%; background-image:url(http:\/\/tandemcommodities.com\/wp-content\/uploads\/2020\/09\/Uber-logo.png);'><\/span><\/div><div  class='slide-entry flex_column no_margin post-entry slide-entry-overview slide-loop-2 slide-parity-even  av_one_fourth  real-thumbnail'><span class='av-partner-fake-img' style='padding-bottom:49.645390070922%; background-image:url(http:\/\/tandemcommodities.com\/wp-content\/uploads\/2020\/09\/Bolt-logo.png);'><\/span><\/div><div  class='slide-entry flex_column no_margin post-entry slide-entry-overview slide-loop-3 slide-parity-odd  av_one_fourth  real-thumbnail'><span class='av-partner-fake-img' style='padding-bottom:49.645390070922%; background-image:url(http:\/\/tandemcommodities.com\/wp-content\/uploads\/2020\/09\/FreeNow-logo.png);'><\/span><\/div><div  class='slide-entry flex_column no_margin post-entry slide-entry-overview slide-loop-4 slide-parity-even  post-entry-last  av_one_fourth  real-thumbnail'><span class='av-partner-fake-img' style='padding-bottom:49.645390070922%; background-image:url(http:\/\/tandemcommodities.com\/wp-content\/uploads\/2020\/09\/UberEats-logo.png);'><\/span><\/div><\/div><\/div><\/div><\/div>\n<\/div><\/div><\/div><!-- close content main div --><\/div><\/div><div id='after_section_2'  class='main_color av_default_container_wrap container_wrap sidebar_right' style=' '  ><div class='container' ><div class='template-page content  av-content-small alpha units'><div class='post-entry post-entry-type-page post-entry-19'><div class='entry-content-wrapper clearfix'>\n","protected":false},"excerpt":{"rendered":"","protected":false},"author":1,"featured_media":0,"parent":0,"menu_order":0,"comment_status":"closed","ping_status":"closed","template":"","meta":{"footnotes":""},"class_list":["post-19","page","type-page","status-publish","hentry"],"_links":{"self":[{"href":"http:\/\/tandemcommodities.com\/index.php?rest_route=\/wp\/v2\/pages\/19","targetHints":{"allow":["GET"]}}],"collection":[{"href":"http:\/\/tandemcommodities.com\/index.php?rest_route=\/wp\/v2\/pages"}],"about":[{"href":"http:\/\/tandemcommodities.com\/index.php?rest_route=\/wp\/v2\/types\/page"}],"author":[{"embeddable":true,"href":"http:\/\/tandemcommodities.com\/index.php?rest_route=\/wp\/v2\/users\/1"}],"replies":[{"embeddable":true,"href":"http:\/\/tandemcommodities.com\/index.php?rest_route=%2Fwp%2Fv2%2Fcomments&post=19"}],"version-history":[{"count":17,"href":"http:\/\/tandemcommodities.com\/index.php?rest_route=\/wp\/v2\/pages\/19\/revisions"}],"predecessor-version":[{"id":390,"href":"http:\/\/tandemcommodities.com\/index.php?rest_route=\/wp\/v2\/pages\/19\/revisions\/390"}],"wp:attachment":[{"href":"http:\/\/tandemcommodities.com\/index.php?rest_route=%2Fwp%2Fv2%2Fmedia&parent=19"}],"curies":[{"name":"wp","href":"https:\/\/api.w.org\/{rel}","templated":true}]}}