{"id":372,"date":"2023-01-09T17:04:05","date_gmt":"2023-01-09T16:04:05","guid":{"rendered":"http:\/\/tandemcommodities.com\/?page_id=372"},"modified":"2023-01-10T13:15:05","modified_gmt":"2023-01-10T12:15:05","slug":"dofinansowanie-przedsiebiorstwa","status":"publish","type":"page","link":"http:\/\/tandemcommodities.com\/?page_id=372","title":{"rendered":""},"content":{"rendered":"<div   data-size='featured_large'  data-lightbox_size='large'  data-animation='fade'  data-conditional_play=''  data-ids='387'  data-video_counter='0'  data-autoplay='true'  data-bg_slider='false'  data-slide_height=''  data-handle='av_slideshow'  data-interval='5'  data-class=' avia-builder-el-0  el_before_av_one_full  avia-builder-el-first  '  data-el_id=''  data-css_id=''  data-scroll_down=''  data-control_layout='av-control-hidden'  data-custom_markup=''  data-perma_caption=''  data-autoplay_stopper=''  data-image_attachment=''  data-min_height='0px'  data-lazy_loading='disabled'  data-default-height='42'  class='avia-slideshow avia-slideshow-1  av-control-hidden av-default-height-applied avia-slideshow-featured_large av_slideshow  avia-builder-el-0  el_before_av_one_full  avia-builder-el-first   avia-fade-slider '  itemprop=\"image\" itemscope=\"itemscope\" itemtype=\"https:\/\/schema.org\/ImageObject\" ><ul class='avia-slideshow-inner ' style='padding-bottom: 15.010721944246%;' ><li  class=' av-single-slide slide-1 ' ><div data-rel='slideshow-1' class='avia-slide-wrap '   ><img fetchpriority=\"high\" fetchpriority=\"high\" decoding=\"async\" class=\"wp-image-387 avia-img-lazy-loading-not-387\"  src=\"http:\/\/tandemcommodities.com\/wp-content\/uploads\/2023\/01\/logauniazpodpis.png\" width=\"1399\" height=\"210\" title='logauniazpodpis' alt=''  itemprop=\"thumbnailUrl\" srcset=\"http:\/\/tandemcommodities.com\/wp-content\/uploads\/2023\/01\/logauniazpodpis.png 1399w, http:\/\/tandemcommodities.com\/wp-content\/uploads\/2023\/01\/logauniazpodpis-300x45.png 300w, http:\/\/tandemcommodities.com\/wp-content\/uploads\/2023\/01\/logauniazpodpis-1030x155.png 1030w, http:\/\/tandemcommodities.com\/wp-content\/uploads\/2023\/01\/logauniazpodpis-768x115.png 768w, http:\/\/tandemcommodities.com\/wp-content\/uploads\/2023\/01\/logauniazpodpis-705x106.png 705w\" sizes=\"(max-width: 1399px) 100vw, 1399px\" \/><\/div><\/li><\/ul><\/div>\n<div class=\"flex_column av_one_full  av-animated-generic bottom-to-top  flex_column_div av-zero-column-padding first  avia-builder-el-1  el_after_av_slideshow  el_before_av_hr  \" style='border-radius:0px; '><p><div  style='padding-bottom:0px; ' class='av-special-heading av-special-heading-h2  blockquote modern-quote  avia-builder-el-2  el_before_av_hr  avia-builder-el-first  '><h2 class='av-special-heading-tag '  itemprop=\"headline\"  >Dofinansowanie przedsi\u0119biorstwa<\/h2><div class='special-heading-border'><div class='special-heading-inner-border' ><\/div><\/div><\/div><br \/>\n<div  style=' margin-top:10px; margin-bottom:10px;'  class='hr hr-custom hr-left hr-icon-no   avia-builder-el-3  el_after_av_heading  el_before_av_textblock '><span class='hr-inner  inner-border-av-border-fat' style=' width:50px; border-color:#efbb20;' ><span class='hr-inner-style'><\/span><\/span><\/div><br \/>\n<section class=\"av_textblock_section \"  itemscope=\"itemscope\" itemtype=\"https:\/\/schema.org\/CreativeWork\" ><div class='avia_textblock  '   itemprop=\"text\" ><p>Przedsi\u0119biorstwo Tandem Commodities Sp. z o.o. realizuje projekt dofinansowany z Funduszy Europejskich <b>&#8220;Przeciwdzia\u0142anie gospodarczym skutkom pandemii poprzez wprowadzanie zmian sposobu \u015bwiadczenia us\u0142ug oraz zakup niezb\u0119dnych \u015brodk\u00f3w w celu wdro\u017cenia nowych us\u0142ug i produkt\u00f3w &#8220;<\/b><\/p>\n<p>Projekt otrzyma\u0142 wsparcie z Europejskiego Funduszu Rozwoju Regionalnego w ramach instrumentu finansowego REACT-EU Regionalnego Programu Operacyjnego Wojew\u00f3dztwa Warmi\u0144sko-Mazurskiego na lata 2014-2020<\/p>\n<p>Priorytet 13 Odporna i zdrowa gospodarka przysz\u0142o\u015bci<\/p>\n<p>Dzia\u0142anie 13.1 Wytrzyma\u0142e M\u015aP<\/p>\n<p>Przedsi\u0119wzi\u0119cie jest odpowiedzi\u0105 na wyzwania i potrzeby, kt\u00f3re pojawi\u0142y si\u0119 w regionie w wyniku wyst\u0105pienia pandemii wirusa Sar-Cov-2 (COVID-19).<\/p>\n<p>G\u0142\u00f3wnym celem projektu jest dostosowanie Tandem Commodities Sp. z o.o. do obostrze\u0144 wprowadzonych podczas pandemii koronawirusa Covid-19 przez wprowadzenie innowacji procesowej w postaci wprowadzenia e-taksometr\u00f3w z terminalami p\u0142atniczymi umo\u017cliwiaj\u0105cymi realizacj\u0119 nowej ucyfrowionej us\u0142ugi na rzecz potencjalnych klient\u00f3w oraz na stworzeniu nowej us\u0142ugi polegaj\u0105cej na wynajmie kampera z mo\u017cliwo\u015bci\u0105 zam\u00f3wienia us\u0142ugi online (ucyfrowienie)<\/p>\n<p>EFEKTY PROJEKTU:<\/p>\n<ul>\n<li>mo\u017cliwo\u015b\u0107 \u015bwiadczenia us\u0142ug transportowych nowej grupie klient\u00f3w (kt\u00f3rzy nie korzystaj\u0105 z aplikacji typu Uber, Bolt) dzi\u0119ki zakupowi i instalacji e-taksometr\u00f3w, co pozwoli na rozszerzenie bazy klient\u00f3w docelowych,<\/li>\n<li>zapewnienie bezpiecze\u0144stwa sanitarnego klientom i kierowcom poprzez zakup i monta\u017c przegr\u00f3d ochronnych do pojazd\u00f3w<\/li>\n<li>ograniczenie do minimum ryzyka zaka\u017cenia si\u0119 pracownik\u00f3w wewn\u0105trz Sp\u00f3\u0142ki poprzez zakup e-taksometr\u00f3w, kt\u00f3re stwarzaj\u0105 mo\u017cliwo\u015b\u0107 rozliczenia kierowcy z odbytych kurs\u00f3w bez konieczno\u015bci osobistego stawiennictwa w biurze Sp\u00f3\u0142ki (rozliczenie zdalne)<\/li>\n<li>oferowanie nowej us\u0142ugi na rynku lokalnym i regionalnym (wynajem specjalistycznego samochodu typu kamper), co pozwoli na zr\u00f3\u017cnicowanie \u015bwiadczonych przez Sp\u00f3\u0142k\u0119 us\u0142ug i zwi\u0119kszy szanse na utrzymanie ci\u0105g\u0142o\u015bci dzia\u0142alno\u015bci w czasie ewentualnych przysz\u0142ych kryzys\u00f3w epidemicznych<span class=\"Apple-converted-space\">\u00a0<\/span><\/li>\n<li>oferowanie konkurencyjnych cen (zastosowanie e-taksometr\u00f3w dzi\u0119ki kt\u00f3rym zmniejszy si\u0119 koszt oferowanej us\u0142ugi)<\/li>\n<li>zwi\u0119kszenie skali dzia\u0142alno\u015bci, zwi\u0119kszenie udzia\u0142u w rynku,<\/li>\n<li>udoskonalenie \u015bwiadczonych us\u0142ug przewozowych &#8211; wzrost jako\u015bci &#8211; wzrost bezpiecze\u0144stwa klienta jak i kierowcy,<\/li>\n<li>budowa nowego kana\u0142u dystrybucji oferowanych us\u0142ug poprzez przeniesienie \u015bwiadczonych us\u0142ug na tzw. \u201culic\u0119\u201d za pomoc\u0105 \u015brodk\u00f3w i urz\u0105dze\u0144 umo\u017cliwiaj\u0105cych realizacj\u0119 przyjmowania zlece\u0144 i ko\u0144czenia zlece\u0144 z pomini\u0119ciem aplikacji<\/li>\n<li>intensyfikacja dzia\u0142alno\u015bci marketingowej maj\u0105ca na celu wzrost sprzeda\u017cy, zwi\u0119kszenie ilo\u015bci realizowanych us\u0142ug.<\/li>\n<\/ul>\n<p>Warto\u015b\u0107 projektu: 592 860,00 PLN<\/p>\n<p>Wk\u0142ad Funduszy Europejskich: 414 471,80 PLN PLN<\/p>\n<\/div><\/section><\/p><\/div>\n<div   class='hr hr-default   avia-builder-el-5  el_after_av_one_full  avia-builder-el-last '><span class='hr-inner ' ><span class='hr-inner-style'><\/span><\/span><\/div>\n","protected":false},"excerpt":{"rendered":"","protected":false},"author":1,"featured_media":0,"parent":0,"menu_order":0,"comment_status":"closed","ping_status":"closed","template":"","meta":{"footnotes":""},"class_list":["post-372","page","type-page","status-publish","hentry"],"_links":{"self":[{"href":"http:\/\/tandemcommodities.com\/index.php?rest_route=\/wp\/v2\/pages\/372","targetHints":{"allow":["GET"]}}],"collection":[{"href":"http:\/\/tandemcommodities.com\/index.php?rest_route=\/wp\/v2\/pages"}],"about":[{"href":"http:\/\/tandemcommodities.com\/index.php?rest_route=\/wp\/v2\/types\/page"}],"author":[{"embeddable":true,"href":"http:\/\/tandemcommodities.com\/index.php?rest_route=\/wp\/v2\/users\/1"}],"replies":[{"embeddable":true,"href":"http:\/\/tandemcommodities.com\/index.php?rest_route=%2Fwp%2Fv2%2Fcomments&post=372"}],"version-history":[{"count":4,"href":"http:\/\/tandemcommodities.com\/index.php?rest_route=\/wp\/v2\/pages\/372\/revisions"}],"predecessor-version":[{"id":388,"href":"http:\/\/tandemcommodities.com\/index.php?rest_route=\/wp\/v2\/pages\/372\/revisions\/388"}],"wp:attachment":[{"href":"http:\/\/tandemcommodities.com\/index.php?rest_route=%2Fwp%2Fv2%2Fmedia&parent=372"}],"curies":[{"name":"wp","href":"https:\/\/api.w.org\/{rel}","templated":true}]}}